{"id":8928,"date":"2022-01-26T12:19:21","date_gmt":"2022-01-26T11:32:40","guid":{"rendered":"https:\/\/gourmetbox.bg\/produkt\/moet-chandon-imperial-rose\/"},"modified":"2023-06-07T18:52:31","modified_gmt":"2023-06-07T15:52:31","slug":"moet-chandon-imperial-rose","status":"publish","type":"product","link":"https:\/\/gourmetbox.bg\/en\/produkt\/moet-chandon-imperial-rose\/","title":{"rendered":"Mo\u00ebt &amp; Chandon Imperial Ros\u00e9"},"content":{"rendered":"<p><b>Mo\u00ebt &amp; Chandon Imperial Ros\u00e9<span class=\"Apple-converted-space\"> <\/span><\/b>fresh intense bouquet of red fruits<br \/>\n(strawberry, raspberry, cherry), floral notes of rose and a slight spiciness of<span class=\"Apple-converted-space\">  <\/span>pepper.<br \/>\nColor of sparkling pink, with dominant red tones and purple hues.<br \/>\nExpressive palate that combines intensity and softness wrapped in elegant<br \/>\nXY-GIFT.COM gift wrapping<\/p>\n","protected":false},"excerpt":{"rendered":"<p>Ros\u00e9 Imp\u00e9rial is a spontaneous, radiant and romantic expression of the Mo\u00ebt &amp; Chandon style, brilliant fruity taste, seductive palate and elegant maturity.<\/p>\n","protected":false},"featured_media":15879,"comment_status":"open","ping_status":"closed","template":"","meta":[],"product_brand":[],"product_cat":[398,435],"product_tag":[],"class_list":{"0":"post-8928","1":"product","2":"type-product","3":"status-publish","4":"has-post-thumbnail","6":"product_cat-champagne-and-sparkling-wine","7":"product_cat-wine","9":"first","10":"instock","11":"shipping-taxable","12":"purchasable","13":"product-type-simple"},"yoast_head":"<!-- This site is optimized with the Yoast SEO plugin v25.0 - https:\/\/yoast.com\/wordpress\/plugins\/seo\/ -->\n<title>Gift Ros\u00e9 Imp\u00e9rial|In elegant gift wrapping by XY-GIFT<\/title>\n<meta name=\"description\" content=\"Gift Mo\u00ebt &amp; Chandon Ros\u00e9 Imp\u00e9rial , a radiant and romantic expression of Mo\u00ebt &amp; Chandon style in elegant gift wrapping on XY-GIFT.COM\" \/>\n<meta name=\"robots\" content=\"index, follow, max-snippet:-1, max-image-preview:large, max-video-preview:-1\" \/>\n<link rel=\"canonical\" href=\"https:\/\/gourmetbox.bg\/en\/produkt\/moet-chandon-imperial-rose\/\" \/>\n<meta property=\"og:locale\" content=\"en_US\" \/>\n<meta property=\"og:type\" content=\"article\" \/>\n<meta property=\"og:title\" content=\"Gift Ros\u00e9 Imp\u00e9rial|In elegant gift wrapping by XY-GIFT\" \/>\n<meta property=\"og:description\" content=\"Gift Mo\u00ebt &amp; Chandon Ros\u00e9 Imp\u00e9rial , a radiant and romantic expression of Mo\u00ebt &amp; Chandon style in elegant gift wrapping on XY-GIFT.COM\" \/>\n<meta property=\"og:url\" content=\"https:\/\/gourmetbox.bg\/en\/produkt\/moet-chandon-imperial-rose\/\" \/>\n<meta property=\"og:site_name\" content=\"GOURMETBOX.BG\" \/>\n<meta property=\"article:publisher\" content=\"https:\/\/www.facebook.com\/share\/178QYf8nwY\/?mibextid=wwXIfr\" \/>\n<meta property=\"article:modified_time\" content=\"2023-06-07T15:52:31+00:00\" \/>\n<meta property=\"og:image\" content=\"https:\/\/gourmetbox.bg\/wp-content\/uploads\/2022\/01\/C85E62D2-50BF-42A2-B0B5-8B1668EAEABA.png\" \/>\n\t<meta property=\"og:image:width\" content=\"600\" \/>\n\t<meta property=\"og:image:height\" content=\"600\" \/>\n\t<meta property=\"og:image:type\" content=\"image\/png\" \/>\n<meta name=\"twitter:card\" content=\"summary_large_image\" \/>\n<script type=\"application\/ld+json\" class=\"yoast-schema-graph\">{\"@context\":\"https:\/\/schema.org\",\"@graph\":[{\"@type\":\"WebPage\",\"@id\":\"https:\/\/gourmetbox.bg\/en\/produkt\/moet-chandon-imperial-rose\/\",\"url\":\"https:\/\/gourmetbox.bg\/en\/produkt\/moet-chandon-imperial-rose\/\",\"name\":\"Gift Ros\u00e9 Imp\u00e9rial|In elegant gift wrapping by XY-GIFT\",\"isPartOf\":{\"@id\":\"https:\/\/gourmetbox.bg\/en\/#website\"},\"primaryImageOfPage\":{\"@id\":\"https:\/\/gourmetbox.bg\/en\/produkt\/moet-chandon-imperial-rose\/#primaryimage\"},\"image\":{\"@id\":\"https:\/\/gourmetbox.bg\/en\/produkt\/moet-chandon-imperial-rose\/#primaryimage\"},\"thumbnailUrl\":\"https:\/\/gourmetbox.bg\/wp-content\/uploads\/2022\/01\/Champagne-Laherte-Freres-\u2013-Blanc-de-Blancs-Brut-Nature.png\",\"datePublished\":\"2022-01-26T11:32:40+00:00\",\"dateModified\":\"2023-06-07T15:52:31+00:00\",\"description\":\"Gift Mo\u00ebt & Chandon Ros\u00e9 Imp\u00e9rial , a radiant and romantic expression of Mo\u00ebt & Chandon style in elegant gift wrapping on XY-GIFT.COM\",\"breadcrumb\":{\"@id\":\"https:\/\/gourmetbox.bg\/en\/produkt\/moet-chandon-imperial-rose\/#breadcrumb\"},\"inLanguage\":\"en-US\",\"potentialAction\":[{\"@type\":\"ReadAction\",\"target\":[\"https:\/\/gourmetbox.bg\/en\/produkt\/moet-chandon-imperial-rose\/\"]}]},{\"@type\":\"ImageObject\",\"inLanguage\":\"en-US\",\"@id\":\"https:\/\/gourmetbox.bg\/en\/produkt\/moet-chandon-imperial-rose\/#primaryimage\",\"url\":\"https:\/\/gourmetbox.bg\/wp-content\/uploads\/2022\/01\/Champagne-Laherte-Freres-\u2013-Blanc-de-Blancs-Brut-Nature.png\",\"contentUrl\":\"https:\/\/gourmetbox.bg\/wp-content\/uploads\/2022\/01\/Champagne-Laherte-Freres-\u2013-Blanc-de-Blancs-Brut-Nature.png\",\"width\":2268,\"height\":2268},{\"@type\":\"BreadcrumbList\",\"@id\":\"https:\/\/gourmetbox.bg\/en\/produkt\/moet-chandon-imperial-rose\/#breadcrumb\",\"itemListElement\":[{\"@type\":\"ListItem\",\"position\":1,\"name\":\"\u041d\u0430\u0447\u0430\u043b\u043e\",\"item\":\"https:\/\/gourmetbox.bg\/en\/\"},{\"@type\":\"ListItem\",\"position\":2,\"name\":\"Shop\",\"item\":\"https:\/\/gourmetbox.bg\/en\/shop\/\"},{\"@type\":\"ListItem\",\"position\":3,\"name\":\"Mo\u00ebt &amp; Chandon Imperial Ros\u00e9\"}]},{\"@type\":\"WebSite\",\"@id\":\"https:\/\/gourmetbox.bg\/en\/#website\",\"url\":\"https:\/\/gourmetbox.bg\/en\/\",\"name\":\"GOURMETBOX.BG\",\"description\":\"\u0421 \u0440\u0430\u0434\u043e\u0441\u0442 \u043e\u0431\u044f\u0432\u044f\u0432\u0430\u043c\u0435 \u043d\u0430\u0448\u0435\u0442\u043e \u043d\u043e\u0432\u043e \u0438\u043c\u0435 \u2013 Gourmet Box! \ud83c\udf1f \u0417\u0430\u043f\u043e\u0447\u043d\u0430\u0445\u043c\u0435 \u043a\u0430\u0442\u043e XY-Gift \u0441 \u0446\u0435\u043b\u0442\u0430 \u0434\u0430 \u043f\u0440\u0435\u0434\u043e\u0441\u0442\u0430\u0432\u0438\u043c \u0443\u043d\u0438\u043a\u0430\u043b\u043d\u0438 \u0438 \u043f\u0435\u0440\u0441\u043e\u043d\u0430\u043b\u0438\u0437\u0438\u0440\u0430\u043d\u0438 \u043f\u043e\u0434\u0430\u0440\u044a\u0446\u0438 \u0432 \u043a\u043e\u0440\u043f\u043e\u0440\u0430\u0442\u0438\u0432\u043d\u0438\u044f \u0441\u0432\u044f\u0442. \u0414\u043d\u0435\u0441, \u043a\u0430\u0442\u043e Gourmet Box, \u0434\u043e\u0431\u0430\u0432\u044f\u043c\u0435 \u043e\u0449\u0435 \u0441\u0442\u043e\u0439\u043d\u043e\u0441\u0442, \u0438\u0437\u0442\u044a\u043d\u0447\u0435\u043d\u043e\u0441\u0442 \u0438 \u0433\u0443\u0440\u043c\u0435 \u0438\u0437\u0436\u0438\u0432\u044f\u0432\u0430\u043d\u0438\u044f, \u043a\u043e\u0438\u0442\u043e \u0432\u0434\u044a\u0445\u043d\u043e\u0432\u044f\u0432\u0430\u0442 \u0438 \u0441\u044a\u0437\u0434\u0430\u0432\u0430\u0442 \u0441\u043f\u043e\u043c\u0435\u043d\u0438. \u041f\u043e\u0434 \u043c\u043e\u0442\u043e\u0442\u043e \u201e\u0421\u043f\u043e\u0434\u0435\u043b\u0438 \u0432\u043a\u0443\u0441\u0430 \u043d\u0430 \u0434\u043e\u0431\u0440\u0438\u044f \u0436\u0438\u0432\u043e\u0442\u201c, \u043f\u0440\u0435\u0434\u043b\u0430\u0433\u0430\u043c\u0435 \u043b\u0443\u043a\u0441\u043e\u0437\u043d\u0438 \u0433\u0443\u0440\u043c\u0435 \u043a\u0443\u0442\u0438\u0438, \u043a\u043e\u0438\u0442\u043e \u043f\u0440\u0430\u0432\u044f\u0442 \u0432\u0441\u0435\u043a\u0438 \u043f\u043e\u0432\u043e\u0434 \u0441\u043f\u0435\u0446\u0438\u0430\u043b\u0435\u043d. \u041e\u0442\u043a\u0440\u0438\u0439\u0442\u0435 \u043f\u043e\u0432\u0435\u0447\u0435 \u0437\u0430 \u043d\u0430\u0448\u0435\u0442\u043e \u043f\u044a\u0442\u0435\u0448\u0435\u0441\u0442\u0432\u0438\u0435 \u0438 \u0432\u0438\u0437\u0438\u044f \u0432 \u043d\u0430\u0448\u0438\u044f \u0431\u043b\u043e\u0433!\",\"publisher\":{\"@id\":\"https:\/\/gourmetbox.bg\/en\/#organization\"},\"potentialAction\":[{\"@type\":\"SearchAction\",\"target\":{\"@type\":\"EntryPoint\",\"urlTemplate\":\"https:\/\/gourmetbox.bg\/en\/?s={search_term_string}\"},\"query-input\":{\"@type\":\"PropertyValueSpecification\",\"valueRequired\":true,\"valueName\":\"search_term_string\"}}],\"inLanguage\":\"en-US\"},{\"@type\":\"Organization\",\"@id\":\"https:\/\/gourmetbox.bg\/en\/#organization\",\"name\":\"GOURMETBOX\",\"url\":\"https:\/\/gourmetbox.bg\/en\/\",\"logo\":{\"@type\":\"ImageObject\",\"inLanguage\":\"en-US\",\"@id\":\"https:\/\/gourmetbox.bg\/en\/#\/schema\/logo\/image\/\",\"url\":\"\",\"contentUrl\":\"\",\"caption\":\"GOURMETBOX\"},\"image\":{\"@id\":\"https:\/\/gourmetbox.bg\/en\/#\/schema\/logo\/image\/\"},\"sameAs\":[\"https:\/\/www.facebook.com\/share\/178QYf8nwY\/?mibextid=wwXIfr\"]}]}<\/script>\n<!-- \/ Yoast SEO plugin. -->","yoast_head_json":{"title":"Gift Ros\u00e9 Imp\u00e9rial|In elegant gift wrapping by XY-GIFT","description":"Gift Mo\u00ebt & Chandon Ros\u00e9 Imp\u00e9rial , a radiant and romantic expression of Mo\u00ebt & Chandon style in elegant gift wrapping on XY-GIFT.COM","robots":{"index":"index","follow":"follow","max-snippet":"max-snippet:-1","max-image-preview":"max-image-preview:large","max-video-preview":"max-video-preview:-1"},"canonical":"https:\/\/gourmetbox.bg\/en\/produkt\/moet-chandon-imperial-rose\/","og_locale":"en_US","og_type":"article","og_title":"Gift Ros\u00e9 Imp\u00e9rial|In elegant gift wrapping by XY-GIFT","og_description":"Gift Mo\u00ebt & Chandon Ros\u00e9 Imp\u00e9rial , a radiant and romantic expression of Mo\u00ebt & Chandon style in elegant gift wrapping on XY-GIFT.COM","og_url":"https:\/\/gourmetbox.bg\/en\/produkt\/moet-chandon-imperial-rose\/","og_site_name":"GOURMETBOX.BG","article_publisher":"https:\/\/www.facebook.com\/share\/178QYf8nwY\/?mibextid=wwXIfr","article_modified_time":"2023-06-07T15:52:31+00:00","og_image":[{"width":600,"height":600,"url":"https:\/\/gourmetbox.bg\/wp-content\/uploads\/2022\/01\/C85E62D2-50BF-42A2-B0B5-8B1668EAEABA.png","type":"image\/png"}],"twitter_card":"summary_large_image","schema":{"@context":"https:\/\/schema.org","@graph":[{"@type":"WebPage","@id":"https:\/\/gourmetbox.bg\/en\/produkt\/moet-chandon-imperial-rose\/","url":"https:\/\/gourmetbox.bg\/en\/produkt\/moet-chandon-imperial-rose\/","name":"Gift Ros\u00e9 Imp\u00e9rial|In elegant gift wrapping by XY-GIFT","isPartOf":{"@id":"https:\/\/gourmetbox.bg\/en\/#website"},"primaryImageOfPage":{"@id":"https:\/\/gourmetbox.bg\/en\/produkt\/moet-chandon-imperial-rose\/#primaryimage"},"image":{"@id":"https:\/\/gourmetbox.bg\/en\/produkt\/moet-chandon-imperial-rose\/#primaryimage"},"thumbnailUrl":"https:\/\/gourmetbox.bg\/wp-content\/uploads\/2022\/01\/Champagne-Laherte-Freres-\u2013-Blanc-de-Blancs-Brut-Nature.png","datePublished":"2022-01-26T11:32:40+00:00","dateModified":"2023-06-07T15:52:31+00:00","description":"Gift Mo\u00ebt & Chandon Ros\u00e9 Imp\u00e9rial , a radiant and romantic expression of Mo\u00ebt & Chandon style in elegant gift wrapping on XY-GIFT.COM","breadcrumb":{"@id":"https:\/\/gourmetbox.bg\/en\/produkt\/moet-chandon-imperial-rose\/#breadcrumb"},"inLanguage":"en-US","potentialAction":[{"@type":"ReadAction","target":["https:\/\/gourmetbox.bg\/en\/produkt\/moet-chandon-imperial-rose\/"]}]},{"@type":"ImageObject","inLanguage":"en-US","@id":"https:\/\/gourmetbox.bg\/en\/produkt\/moet-chandon-imperial-rose\/#primaryimage","url":"https:\/\/gourmetbox.bg\/wp-content\/uploads\/2022\/01\/Champagne-Laherte-Freres-\u2013-Blanc-de-Blancs-Brut-Nature.png","contentUrl":"https:\/\/gourmetbox.bg\/wp-content\/uploads\/2022\/01\/Champagne-Laherte-Freres-\u2013-Blanc-de-Blancs-Brut-Nature.png","width":2268,"height":2268},{"@type":"BreadcrumbList","@id":"https:\/\/gourmetbox.bg\/en\/produkt\/moet-chandon-imperial-rose\/#breadcrumb","itemListElement":[{"@type":"ListItem","position":1,"name":"\u041d\u0430\u0447\u0430\u043b\u043e","item":"https:\/\/gourmetbox.bg\/en\/"},{"@type":"ListItem","position":2,"name":"Shop","item":"https:\/\/gourmetbox.bg\/en\/shop\/"},{"@type":"ListItem","position":3,"name":"Mo\u00ebt &amp; Chandon Imperial Ros\u00e9"}]},{"@type":"WebSite","@id":"https:\/\/gourmetbox.bg\/en\/#website","url":"https:\/\/gourmetbox.bg\/en\/","name":"GOURMETBOX.BG","description":"\u0421 \u0440\u0430\u0434\u043e\u0441\u0442 \u043e\u0431\u044f\u0432\u044f\u0432\u0430\u043c\u0435 \u043d\u0430\u0448\u0435\u0442\u043e \u043d\u043e\u0432\u043e \u0438\u043c\u0435 \u2013 Gourmet Box! \ud83c\udf1f \u0417\u0430\u043f\u043e\u0447\u043d\u0430\u0445\u043c\u0435 \u043a\u0430\u0442\u043e XY-Gift \u0441 \u0446\u0435\u043b\u0442\u0430 \u0434\u0430 \u043f\u0440\u0435\u0434\u043e\u0441\u0442\u0430\u0432\u0438\u043c \u0443\u043d\u0438\u043a\u0430\u043b\u043d\u0438 \u0438 \u043f\u0435\u0440\u0441\u043e\u043d\u0430\u043b\u0438\u0437\u0438\u0440\u0430\u043d\u0438 \u043f\u043e\u0434\u0430\u0440\u044a\u0446\u0438 \u0432 \u043a\u043e\u0440\u043f\u043e\u0440\u0430\u0442\u0438\u0432\u043d\u0438\u044f \u0441\u0432\u044f\u0442. \u0414\u043d\u0435\u0441, \u043a\u0430\u0442\u043e Gourmet Box, \u0434\u043e\u0431\u0430\u0432\u044f\u043c\u0435 \u043e\u0449\u0435 \u0441\u0442\u043e\u0439\u043d\u043e\u0441\u0442, \u0438\u0437\u0442\u044a\u043d\u0447\u0435\u043d\u043e\u0441\u0442 \u0438 \u0433\u0443\u0440\u043c\u0435 \u0438\u0437\u0436\u0438\u0432\u044f\u0432\u0430\u043d\u0438\u044f, \u043a\u043e\u0438\u0442\u043e \u0432\u0434\u044a\u0445\u043d\u043e\u0432\u044f\u0432\u0430\u0442 \u0438 \u0441\u044a\u0437\u0434\u0430\u0432\u0430\u0442 \u0441\u043f\u043e\u043c\u0435\u043d\u0438. \u041f\u043e\u0434 \u043c\u043e\u0442\u043e\u0442\u043e \u201e\u0421\u043f\u043e\u0434\u0435\u043b\u0438 \u0432\u043a\u0443\u0441\u0430 \u043d\u0430 \u0434\u043e\u0431\u0440\u0438\u044f \u0436\u0438\u0432\u043e\u0442\u201c, \u043f\u0440\u0435\u0434\u043b\u0430\u0433\u0430\u043c\u0435 \u043b\u0443\u043a\u0441\u043e\u0437\u043d\u0438 \u0433\u0443\u0440\u043c\u0435 \u043a\u0443\u0442\u0438\u0438, \u043a\u043e\u0438\u0442\u043e \u043f\u0440\u0430\u0432\u044f\u0442 \u0432\u0441\u0435\u043a\u0438 \u043f\u043e\u0432\u043e\u0434 \u0441\u043f\u0435\u0446\u0438\u0430\u043b\u0435\u043d. \u041e\u0442\u043a\u0440\u0438\u0439\u0442\u0435 \u043f\u043e\u0432\u0435\u0447\u0435 \u0437\u0430 \u043d\u0430\u0448\u0435\u0442\u043e \u043f\u044a\u0442\u0435\u0448\u0435\u0441\u0442\u0432\u0438\u0435 \u0438 \u0432\u0438\u0437\u0438\u044f \u0432 \u043d\u0430\u0448\u0438\u044f \u0431\u043b\u043e\u0433!","publisher":{"@id":"https:\/\/gourmetbox.bg\/en\/#organization"},"potentialAction":[{"@type":"SearchAction","target":{"@type":"EntryPoint","urlTemplate":"https:\/\/gourmetbox.bg\/en\/?s={search_term_string}"},"query-input":{"@type":"PropertyValueSpecification","valueRequired":true,"valueName":"search_term_string"}}],"inLanguage":"en-US"},{"@type":"Organization","@id":"https:\/\/gourmetbox.bg\/en\/#organization","name":"GOURMETBOX","url":"https:\/\/gourmetbox.bg\/en\/","logo":{"@type":"ImageObject","inLanguage":"en-US","@id":"https:\/\/gourmetbox.bg\/en\/#\/schema\/logo\/image\/","url":"","contentUrl":"","caption":"GOURMETBOX"},"image":{"@id":"https:\/\/gourmetbox.bg\/en\/#\/schema\/logo\/image\/"},"sameAs":["https:\/\/www.facebook.com\/share\/178QYf8nwY\/?mibextid=wwXIfr"]}]}},"_links":{"self":[{"href":"https:\/\/gourmetbox.bg\/en\/wp-json\/wp\/v2\/product\/8928","targetHints":{"allow":["GET"]}}],"collection":[{"href":"https:\/\/gourmetbox.bg\/en\/wp-json\/wp\/v2\/product"}],"about":[{"href":"https:\/\/gourmetbox.bg\/en\/wp-json\/wp\/v2\/types\/product"}],"replies":[{"embeddable":true,"href":"https:\/\/gourmetbox.bg\/en\/wp-json\/wp\/v2\/comments?post=8928"}],"wp:featuredmedia":[{"embeddable":true,"href":"https:\/\/gourmetbox.bg\/en\/wp-json\/wp\/v2\/media\/15879"}],"wp:attachment":[{"href":"https:\/\/gourmetbox.bg\/en\/wp-json\/wp\/v2\/media?parent=8928"}],"wp:term":[{"taxonomy":"product_brand","embeddable":true,"href":"https:\/\/gourmetbox.bg\/en\/wp-json\/wp\/v2\/product_brand?post=8928"},{"taxonomy":"product_cat","embeddable":true,"href":"https:\/\/gourmetbox.bg\/en\/wp-json\/wp\/v2\/product_cat?post=8928"},{"taxonomy":"product_tag","embeddable":true,"href":"https:\/\/gourmetbox.bg\/en\/wp-json\/wp\/v2\/product_tag?post=8928"}],"curies":[{"name":"wp","href":"https:\/\/api.w.org\/{rel}","templated":true}]}}