{"id":7903,"date":"2021-01-21T18:21:53","date_gmt":"2021-11-29T09:22:54","guid":{"rendered":"https:\/\/gourmetbox.bg\/produkt\/chateauneuf-du-pape-vieux-terron-rouge-grand-venus-2017-alain-jaume\/"},"modified":"2021-11-29T11:22:56","modified_gmt":"2021-11-29T09:22:56","slug":"chateauneuf-du-pape-vieux-terron-rouge-grand-venus-2017-alain-jaume","status":"publish","type":"product","link":"https:\/\/gourmetbox.bg\/en\/produkt\/chateauneuf-du-pape-vieux-terron-rouge-grand-venus-2017-alain-jaume\/","title":{"rendered":"Ch\u00e2teauneuf-du-Pape Vieux Terron ROUGE &#8211; Grand Venus 2017 Alain Jaume"},"content":{"rendered":"<p><b>Ch\u00e2teauneuf-du-Pape wine region:<\/b> The Ch\u00e2teauneuf-du-Pape vineyard is located in the Rhone Valley and is named after the Ch\u00e2teauneuf-du-Pape. Ch\u00e2teauneuf-du-Pape red wine is internationally recognized. Good vintages are among the best wines in France.<span class=\"Apple-converted-space\">  <\/span>The traditional wines of Ch\u00e2teauneuf-du-Pape are marked on the bottle with papal symbols, the crossed keys of Peter and Tiara. Only bottles that are bottled directly by the manufacturer can bear these symbols, which have been protected as a trademark since 1983. Newer variations of the Ch\u00e2teauneuf-du-Pape have the Pope&#8217;s crown as a label.<span class=\"Apple-converted-space\"> <\/span><\/p>\n<p>Ch\u00e2teauneuf-du-Pape Vieux Terron ROUGE<span class=\"Apple-converted-space\">  <\/span>wine consisting of Grenache, Murveder and Syrah with an intense and brilliant purple color.<span class=\"Apple-converted-space\"> <\/span>Symphony from<span class=\"Apple-converted-space\">  <\/span>aromas of black fruit (blackcurrant, cherry), spices and pepper. Aromatic combination,<span class=\"Apple-converted-space\">  <\/span>creamy and silky, at the same time with a pleasant freshness.<span class=\"Apple-converted-space\"> <\/span><\/p>\n","protected":false},"excerpt":{"rendered":"<p>Ch\u00e2teauneuf-du-Pape Vieux Terron ROUGE is a wine with an intense and brilliant purple color. Nose<span class=\"Apple-converted-space\">  <\/span>and palate filled with aromas of black fruit (blackcurrant, cherry), spices and pepper. Aromatic combination,<span class=\"Apple-converted-space\">  <\/span>creamy and silky, at the same time with a pleasant freshness.<span class=\"Apple-converted-space\"> <\/span><\/p>\n","protected":false},"featured_media":15741,"comment_status":"open","ping_status":"closed","template":"","meta":[],"product_brand":[],"product_cat":[436],"product_tag":[],"class_list":{"0":"post-7903","1":"product","2":"type-product","3":"status-publish","4":"has-post-thumbnail","6":"product_cat-red-wine","8":"first","9":"instock","10":"shipping-taxable","11":"purchasable","12":"product-type-simple"},"yoast_head":"<!-- This site is optimized with the Yoast SEO plugin v25.0 - https:\/\/yoast.com\/wordpress\/plugins\/seo\/ -->\n<title>Red wine as a gift In a stylish gift box XY-GIFT.COM<\/title>\n<meta name=\"description\" content=\"Nice red wine, a gift for connoisseurs, winner of the Wine Advocate2016 and Jahrgan 2017 awards. In a stylish gift box from XY-GIFT.COM\" \/>\n<meta name=\"robots\" content=\"index, follow, max-snippet:-1, max-image-preview:large, max-video-preview:-1\" \/>\n<link rel=\"canonical\" href=\"https:\/\/gourmetbox.bg\/en\/produkt\/chateauneuf-du-pape-vieux-terron-rouge-grand-venus-2017-alain-jaume\/\" \/>\n<meta property=\"og:locale\" content=\"en_US\" \/>\n<meta property=\"og:type\" content=\"article\" \/>\n<meta property=\"og:title\" content=\"Red wine as a gift In a stylish gift box XY-GIFT.COM\" \/>\n<meta property=\"og:description\" content=\"Nice red wine, a gift for connoisseurs, winner of the Wine Advocate2016 and Jahrgan 2017 awards. In a stylish gift box from XY-GIFT.COM\" \/>\n<meta property=\"og:url\" content=\"https:\/\/gourmetbox.bg\/en\/produkt\/chateauneuf-du-pape-vieux-terron-rouge-grand-venus-2017-alain-jaume\/\" \/>\n<meta property=\"og:site_name\" content=\"GOURMETBOX.BG\" \/>\n<meta property=\"article:publisher\" content=\"https:\/\/www.facebook.com\/share\/178QYf8nwY\/?mibextid=wwXIfr\" \/>\n<meta property=\"article:modified_time\" content=\"2021-11-29T09:22:56+00:00\" \/>\n<meta property=\"og:image\" content=\"https:\/\/gourmetbox.bg\/wp-content\/uploads\/2021\/01\/Valpolicella-DOC-Classico-Guerrieri-Rizzardi.png\" \/>\n\t<meta property=\"og:image:width\" content=\"2268\" \/>\n\t<meta property=\"og:image:height\" content=\"2268\" \/>\n\t<meta property=\"og:image:type\" content=\"image\/png\" \/>\n<meta name=\"twitter:card\" content=\"summary_large_image\" \/>\n<meta name=\"twitter:label1\" content=\"Est. reading time\" \/>\n\t<meta name=\"twitter:data1\" content=\"1 minute\" \/>\n<script type=\"application\/ld+json\" class=\"yoast-schema-graph\">{\"@context\":\"https:\/\/schema.org\",\"@graph\":[{\"@type\":\"WebPage\",\"@id\":\"https:\/\/gourmetbox.bg\/en\/produkt\/chateauneuf-du-pape-vieux-terron-rouge-grand-venus-2017-alain-jaume\/\",\"url\":\"https:\/\/gourmetbox.bg\/en\/produkt\/chateauneuf-du-pape-vieux-terron-rouge-grand-venus-2017-alain-jaume\/\",\"name\":\"Red wine as a gift In a stylish gift box XY-GIFT.COM\",\"isPartOf\":{\"@id\":\"https:\/\/gourmetbox.bg\/en\/#website\"},\"primaryImageOfPage\":{\"@id\":\"https:\/\/gourmetbox.bg\/en\/produkt\/chateauneuf-du-pape-vieux-terron-rouge-grand-venus-2017-alain-jaume\/#primaryimage\"},\"image\":{\"@id\":\"https:\/\/gourmetbox.bg\/en\/produkt\/chateauneuf-du-pape-vieux-terron-rouge-grand-venus-2017-alain-jaume\/#primaryimage\"},\"thumbnailUrl\":\"https:\/\/gourmetbox.bg\/wp-content\/uploads\/2021\/01\/Valpolicella-DOC-Classico-Guerrieri-Rizzardi.png\",\"datePublished\":\"2021-11-29T09:22:54+00:00\",\"dateModified\":\"2021-11-29T09:22:56+00:00\",\"description\":\"Nice red wine, a gift for connoisseurs, winner of the Wine Advocate2016 and Jahrgan 2017 awards. In a stylish gift box from XY-GIFT.COM\",\"breadcrumb\":{\"@id\":\"https:\/\/gourmetbox.bg\/en\/produkt\/chateauneuf-du-pape-vieux-terron-rouge-grand-venus-2017-alain-jaume\/#breadcrumb\"},\"inLanguage\":\"en-US\",\"potentialAction\":[{\"@type\":\"ReadAction\",\"target\":[\"https:\/\/gourmetbox.bg\/en\/produkt\/chateauneuf-du-pape-vieux-terron-rouge-grand-venus-2017-alain-jaume\/\"]}]},{\"@type\":\"ImageObject\",\"inLanguage\":\"en-US\",\"@id\":\"https:\/\/gourmetbox.bg\/en\/produkt\/chateauneuf-du-pape-vieux-terron-rouge-grand-venus-2017-alain-jaume\/#primaryimage\",\"url\":\"https:\/\/gourmetbox.bg\/wp-content\/uploads\/2021\/01\/Valpolicella-DOC-Classico-Guerrieri-Rizzardi.png\",\"contentUrl\":\"https:\/\/gourmetbox.bg\/wp-content\/uploads\/2021\/01\/Valpolicella-DOC-Classico-Guerrieri-Rizzardi.png\",\"width\":2268,\"height\":2268},{\"@type\":\"BreadcrumbList\",\"@id\":\"https:\/\/gourmetbox.bg\/en\/produkt\/chateauneuf-du-pape-vieux-terron-rouge-grand-venus-2017-alain-jaume\/#breadcrumb\",\"itemListElement\":[{\"@type\":\"ListItem\",\"position\":1,\"name\":\"\u041d\u0430\u0447\u0430\u043b\u043e\",\"item\":\"https:\/\/gourmetbox.bg\/en\/\"},{\"@type\":\"ListItem\",\"position\":2,\"name\":\"Shop\",\"item\":\"https:\/\/gourmetbox.bg\/en\/shop\/\"},{\"@type\":\"ListItem\",\"position\":3,\"name\":\"Ch\u00e2teauneuf-du-Pape Vieux Terron ROUGE &#8211; Grand Venus 2017 Alain Jaume\"}]},{\"@type\":\"WebSite\",\"@id\":\"https:\/\/gourmetbox.bg\/en\/#website\",\"url\":\"https:\/\/gourmetbox.bg\/en\/\",\"name\":\"GOURMETBOX.BG\",\"description\":\"\u0421 \u0440\u0430\u0434\u043e\u0441\u0442 \u043e\u0431\u044f\u0432\u044f\u0432\u0430\u043c\u0435 \u043d\u0430\u0448\u0435\u0442\u043e \u043d\u043e\u0432\u043e \u0438\u043c\u0435 \u2013 Gourmet Box! \ud83c\udf1f \u0417\u0430\u043f\u043e\u0447\u043d\u0430\u0445\u043c\u0435 \u043a\u0430\u0442\u043e XY-Gift \u0441 \u0446\u0435\u043b\u0442\u0430 \u0434\u0430 \u043f\u0440\u0435\u0434\u043e\u0441\u0442\u0430\u0432\u0438\u043c \u0443\u043d\u0438\u043a\u0430\u043b\u043d\u0438 \u0438 \u043f\u0435\u0440\u0441\u043e\u043d\u0430\u043b\u0438\u0437\u0438\u0440\u0430\u043d\u0438 \u043f\u043e\u0434\u0430\u0440\u044a\u0446\u0438 \u0432 \u043a\u043e\u0440\u043f\u043e\u0440\u0430\u0442\u0438\u0432\u043d\u0438\u044f \u0441\u0432\u044f\u0442. \u0414\u043d\u0435\u0441, \u043a\u0430\u0442\u043e Gourmet Box, \u0434\u043e\u0431\u0430\u0432\u044f\u043c\u0435 \u043e\u0449\u0435 \u0441\u0442\u043e\u0439\u043d\u043e\u0441\u0442, \u0438\u0437\u0442\u044a\u043d\u0447\u0435\u043d\u043e\u0441\u0442 \u0438 \u0433\u0443\u0440\u043c\u0435 \u0438\u0437\u0436\u0438\u0432\u044f\u0432\u0430\u043d\u0438\u044f, \u043a\u043e\u0438\u0442\u043e \u0432\u0434\u044a\u0445\u043d\u043e\u0432\u044f\u0432\u0430\u0442 \u0438 \u0441\u044a\u0437\u0434\u0430\u0432\u0430\u0442 \u0441\u043f\u043e\u043c\u0435\u043d\u0438. \u041f\u043e\u0434 \u043c\u043e\u0442\u043e\u0442\u043e \u201e\u0421\u043f\u043e\u0434\u0435\u043b\u0438 \u0432\u043a\u0443\u0441\u0430 \u043d\u0430 \u0434\u043e\u0431\u0440\u0438\u044f \u0436\u0438\u0432\u043e\u0442\u201c, \u043f\u0440\u0435\u0434\u043b\u0430\u0433\u0430\u043c\u0435 \u043b\u0443\u043a\u0441\u043e\u0437\u043d\u0438 \u0433\u0443\u0440\u043c\u0435 \u043a\u0443\u0442\u0438\u0438, \u043a\u043e\u0438\u0442\u043e \u043f\u0440\u0430\u0432\u044f\u0442 \u0432\u0441\u0435\u043a\u0438 \u043f\u043e\u0432\u043e\u0434 \u0441\u043f\u0435\u0446\u0438\u0430\u043b\u0435\u043d. \u041e\u0442\u043a\u0440\u0438\u0439\u0442\u0435 \u043f\u043e\u0432\u0435\u0447\u0435 \u0437\u0430 \u043d\u0430\u0448\u0435\u0442\u043e \u043f\u044a\u0442\u0435\u0448\u0435\u0441\u0442\u0432\u0438\u0435 \u0438 \u0432\u0438\u0437\u0438\u044f \u0432 \u043d\u0430\u0448\u0438\u044f \u0431\u043b\u043e\u0433!\",\"publisher\":{\"@id\":\"https:\/\/gourmetbox.bg\/en\/#organization\"},\"potentialAction\":[{\"@type\":\"SearchAction\",\"target\":{\"@type\":\"EntryPoint\",\"urlTemplate\":\"https:\/\/gourmetbox.bg\/en\/?s={search_term_string}\"},\"query-input\":{\"@type\":\"PropertyValueSpecification\",\"valueRequired\":true,\"valueName\":\"search_term_string\"}}],\"inLanguage\":\"en-US\"},{\"@type\":\"Organization\",\"@id\":\"https:\/\/gourmetbox.bg\/en\/#organization\",\"name\":\"GOURMETBOX\",\"url\":\"https:\/\/gourmetbox.bg\/en\/\",\"logo\":{\"@type\":\"ImageObject\",\"inLanguage\":\"en-US\",\"@id\":\"https:\/\/gourmetbox.bg\/en\/#\/schema\/logo\/image\/\",\"url\":\"\",\"contentUrl\":\"\",\"caption\":\"GOURMETBOX\"},\"image\":{\"@id\":\"https:\/\/gourmetbox.bg\/en\/#\/schema\/logo\/image\/\"},\"sameAs\":[\"https:\/\/www.facebook.com\/share\/178QYf8nwY\/?mibextid=wwXIfr\"]}]}<\/script>\n<!-- \/ Yoast SEO plugin. -->","yoast_head_json":{"title":"Red wine as a gift In a stylish gift box XY-GIFT.COM","description":"Nice red wine, a gift for connoisseurs, winner of the Wine Advocate2016 and Jahrgan 2017 awards. In a stylish gift box from XY-GIFT.COM","robots":{"index":"index","follow":"follow","max-snippet":"max-snippet:-1","max-image-preview":"max-image-preview:large","max-video-preview":"max-video-preview:-1"},"canonical":"https:\/\/gourmetbox.bg\/en\/produkt\/chateauneuf-du-pape-vieux-terron-rouge-grand-venus-2017-alain-jaume\/","og_locale":"en_US","og_type":"article","og_title":"Red wine as a gift In a stylish gift box XY-GIFT.COM","og_description":"Nice red wine, a gift for connoisseurs, winner of the Wine Advocate2016 and Jahrgan 2017 awards. In a stylish gift box from XY-GIFT.COM","og_url":"https:\/\/gourmetbox.bg\/en\/produkt\/chateauneuf-du-pape-vieux-terron-rouge-grand-venus-2017-alain-jaume\/","og_site_name":"GOURMETBOX.BG","article_publisher":"https:\/\/www.facebook.com\/share\/178QYf8nwY\/?mibextid=wwXIfr","article_modified_time":"2021-11-29T09:22:56+00:00","og_image":[{"width":2268,"height":2268,"url":"https:\/\/gourmetbox.bg\/wp-content\/uploads\/2021\/01\/Valpolicella-DOC-Classico-Guerrieri-Rizzardi.png","type":"image\/png"}],"twitter_card":"summary_large_image","twitter_misc":{"Est. reading time":"1 minute"},"schema":{"@context":"https:\/\/schema.org","@graph":[{"@type":"WebPage","@id":"https:\/\/gourmetbox.bg\/en\/produkt\/chateauneuf-du-pape-vieux-terron-rouge-grand-venus-2017-alain-jaume\/","url":"https:\/\/gourmetbox.bg\/en\/produkt\/chateauneuf-du-pape-vieux-terron-rouge-grand-venus-2017-alain-jaume\/","name":"Red wine as a gift In a stylish gift box XY-GIFT.COM","isPartOf":{"@id":"https:\/\/gourmetbox.bg\/en\/#website"},"primaryImageOfPage":{"@id":"https:\/\/gourmetbox.bg\/en\/produkt\/chateauneuf-du-pape-vieux-terron-rouge-grand-venus-2017-alain-jaume\/#primaryimage"},"image":{"@id":"https:\/\/gourmetbox.bg\/en\/produkt\/chateauneuf-du-pape-vieux-terron-rouge-grand-venus-2017-alain-jaume\/#primaryimage"},"thumbnailUrl":"https:\/\/gourmetbox.bg\/wp-content\/uploads\/2021\/01\/Valpolicella-DOC-Classico-Guerrieri-Rizzardi.png","datePublished":"2021-11-29T09:22:54+00:00","dateModified":"2021-11-29T09:22:56+00:00","description":"Nice red wine, a gift for connoisseurs, winner of the Wine Advocate2016 and Jahrgan 2017 awards. In a stylish gift box from XY-GIFT.COM","breadcrumb":{"@id":"https:\/\/gourmetbox.bg\/en\/produkt\/chateauneuf-du-pape-vieux-terron-rouge-grand-venus-2017-alain-jaume\/#breadcrumb"},"inLanguage":"en-US","potentialAction":[{"@type":"ReadAction","target":["https:\/\/gourmetbox.bg\/en\/produkt\/chateauneuf-du-pape-vieux-terron-rouge-grand-venus-2017-alain-jaume\/"]}]},{"@type":"ImageObject","inLanguage":"en-US","@id":"https:\/\/gourmetbox.bg\/en\/produkt\/chateauneuf-du-pape-vieux-terron-rouge-grand-venus-2017-alain-jaume\/#primaryimage","url":"https:\/\/gourmetbox.bg\/wp-content\/uploads\/2021\/01\/Valpolicella-DOC-Classico-Guerrieri-Rizzardi.png","contentUrl":"https:\/\/gourmetbox.bg\/wp-content\/uploads\/2021\/01\/Valpolicella-DOC-Classico-Guerrieri-Rizzardi.png","width":2268,"height":2268},{"@type":"BreadcrumbList","@id":"https:\/\/gourmetbox.bg\/en\/produkt\/chateauneuf-du-pape-vieux-terron-rouge-grand-venus-2017-alain-jaume\/#breadcrumb","itemListElement":[{"@type":"ListItem","position":1,"name":"\u041d\u0430\u0447\u0430\u043b\u043e","item":"https:\/\/gourmetbox.bg\/en\/"},{"@type":"ListItem","position":2,"name":"Shop","item":"https:\/\/gourmetbox.bg\/en\/shop\/"},{"@type":"ListItem","position":3,"name":"Ch\u00e2teauneuf-du-Pape Vieux Terron ROUGE &#8211; Grand Venus 2017 Alain Jaume"}]},{"@type":"WebSite","@id":"https:\/\/gourmetbox.bg\/en\/#website","url":"https:\/\/gourmetbox.bg\/en\/","name":"GOURMETBOX.BG","description":"\u0421 \u0440\u0430\u0434\u043e\u0441\u0442 \u043e\u0431\u044f\u0432\u044f\u0432\u0430\u043c\u0435 \u043d\u0430\u0448\u0435\u0442\u043e \u043d\u043e\u0432\u043e \u0438\u043c\u0435 \u2013 Gourmet Box! \ud83c\udf1f \u0417\u0430\u043f\u043e\u0447\u043d\u0430\u0445\u043c\u0435 \u043a\u0430\u0442\u043e XY-Gift \u0441 \u0446\u0435\u043b\u0442\u0430 \u0434\u0430 \u043f\u0440\u0435\u0434\u043e\u0441\u0442\u0430\u0432\u0438\u043c \u0443\u043d\u0438\u043a\u0430\u043b\u043d\u0438 \u0438 \u043f\u0435\u0440\u0441\u043e\u043d\u0430\u043b\u0438\u0437\u0438\u0440\u0430\u043d\u0438 \u043f\u043e\u0434\u0430\u0440\u044a\u0446\u0438 \u0432 \u043a\u043e\u0440\u043f\u043e\u0440\u0430\u0442\u0438\u0432\u043d\u0438\u044f \u0441\u0432\u044f\u0442. \u0414\u043d\u0435\u0441, \u043a\u0430\u0442\u043e Gourmet Box, \u0434\u043e\u0431\u0430\u0432\u044f\u043c\u0435 \u043e\u0449\u0435 \u0441\u0442\u043e\u0439\u043d\u043e\u0441\u0442, \u0438\u0437\u0442\u044a\u043d\u0447\u0435\u043d\u043e\u0441\u0442 \u0438 \u0433\u0443\u0440\u043c\u0435 \u0438\u0437\u0436\u0438\u0432\u044f\u0432\u0430\u043d\u0438\u044f, \u043a\u043e\u0438\u0442\u043e \u0432\u0434\u044a\u0445\u043d\u043e\u0432\u044f\u0432\u0430\u0442 \u0438 \u0441\u044a\u0437\u0434\u0430\u0432\u0430\u0442 \u0441\u043f\u043e\u043c\u0435\u043d\u0438. \u041f\u043e\u0434 \u043c\u043e\u0442\u043e\u0442\u043e \u201e\u0421\u043f\u043e\u0434\u0435\u043b\u0438 \u0432\u043a\u0443\u0441\u0430 \u043d\u0430 \u0434\u043e\u0431\u0440\u0438\u044f \u0436\u0438\u0432\u043e\u0442\u201c, \u043f\u0440\u0435\u0434\u043b\u0430\u0433\u0430\u043c\u0435 \u043b\u0443\u043a\u0441\u043e\u0437\u043d\u0438 \u0433\u0443\u0440\u043c\u0435 \u043a\u0443\u0442\u0438\u0438, \u043a\u043e\u0438\u0442\u043e \u043f\u0440\u0430\u0432\u044f\u0442 \u0432\u0441\u0435\u043a\u0438 \u043f\u043e\u0432\u043e\u0434 \u0441\u043f\u0435\u0446\u0438\u0430\u043b\u0435\u043d. \u041e\u0442\u043a\u0440\u0438\u0439\u0442\u0435 \u043f\u043e\u0432\u0435\u0447\u0435 \u0437\u0430 \u043d\u0430\u0448\u0435\u0442\u043e \u043f\u044a\u0442\u0435\u0448\u0435\u0441\u0442\u0432\u0438\u0435 \u0438 \u0432\u0438\u0437\u0438\u044f \u0432 \u043d\u0430\u0448\u0438\u044f \u0431\u043b\u043e\u0433!","publisher":{"@id":"https:\/\/gourmetbox.bg\/en\/#organization"},"potentialAction":[{"@type":"SearchAction","target":{"@type":"EntryPoint","urlTemplate":"https:\/\/gourmetbox.bg\/en\/?s={search_term_string}"},"query-input":{"@type":"PropertyValueSpecification","valueRequired":true,"valueName":"search_term_string"}}],"inLanguage":"en-US"},{"@type":"Organization","@id":"https:\/\/gourmetbox.bg\/en\/#organization","name":"GOURMETBOX","url":"https:\/\/gourmetbox.bg\/en\/","logo":{"@type":"ImageObject","inLanguage":"en-US","@id":"https:\/\/gourmetbox.bg\/en\/#\/schema\/logo\/image\/","url":"","contentUrl":"","caption":"GOURMETBOX"},"image":{"@id":"https:\/\/gourmetbox.bg\/en\/#\/schema\/logo\/image\/"},"sameAs":["https:\/\/www.facebook.com\/share\/178QYf8nwY\/?mibextid=wwXIfr"]}]}},"_links":{"self":[{"href":"https:\/\/gourmetbox.bg\/en\/wp-json\/wp\/v2\/product\/7903","targetHints":{"allow":["GET"]}}],"collection":[{"href":"https:\/\/gourmetbox.bg\/en\/wp-json\/wp\/v2\/product"}],"about":[{"href":"https:\/\/gourmetbox.bg\/en\/wp-json\/wp\/v2\/types\/product"}],"replies":[{"embeddable":true,"href":"https:\/\/gourmetbox.bg\/en\/wp-json\/wp\/v2\/comments?post=7903"}],"wp:featuredmedia":[{"embeddable":true,"href":"https:\/\/gourmetbox.bg\/en\/wp-json\/wp\/v2\/media\/15741"}],"wp:attachment":[{"href":"https:\/\/gourmetbox.bg\/en\/wp-json\/wp\/v2\/media?parent=7903"}],"wp:term":[{"taxonomy":"product_brand","embeddable":true,"href":"https:\/\/gourmetbox.bg\/en\/wp-json\/wp\/v2\/product_brand?post=7903"},{"taxonomy":"product_cat","embeddable":true,"href":"https:\/\/gourmetbox.bg\/en\/wp-json\/wp\/v2\/product_cat?post=7903"},{"taxonomy":"product_tag","embeddable":true,"href":"https:\/\/gourmetbox.bg\/en\/wp-json\/wp\/v2\/product_tag?post=7903"}],"curies":[{"name":"wp","href":"https:\/\/api.w.org\/{rel}","templated":true}]}}